{"id":2,"date":"2014-01-27T13:02:01","date_gmt":"2014-01-27T13:02:01","guid":{"rendered":"http:\/\/developtravelgreece.com\/?page_id=2"},"modified":"2015-03-02T16:34:24","modified_gmt":"2015-03-02T14:34:24","slug":"home","status":"publish","type":"page","link":"https:\/\/www.developtravel.gr\/fr\/","title":{"rendered":"Accueil"},"content":{"rendered":"<p><div class=\"row\">\n<div class=\"span3 centered\">\n<span class=\"ico\"><i class=\"icon-font icon-2x ibackbg\"><\/i><\/span>\n<h4>Programmes Scolaires et Vacances pour Groupes de Jeunes<\/h4>\n<p>Depuis 1992, nous concevons des circuits destin\u00e9s aux groupes scolaires, des vacances pour les jeunes en Gr\u00e8ce et nous assurons le bon d\u00e9roulement de ces s\u00e9jours. Nous avons con\u00e7u une large gamme de circuits et la souplesse de nos services nous permet de les adapter aux besoins particuliers de chaque groupe. Consultez nos programmes.<\/div>\n<div class=\"span3 centered\">\n<span class=\"ico\"><i class=\"icon-map-marker icon-2x ibackbg\"><\/i><\/span>\n<h4>Programmes sur Mesure<\/h4>\n<p>DTG est sp\u00e9cialis\u00e9 dans l\u2019organisation de s\u00e9jours et circuits de groupes adultes personnalis\u00e9s tels que les circuits historiques ou culturels, les circuits religieux, l\u2019oenotourisme, les circuits p\u00e9destres ou a v\u00e9lo, les croisi\u00e8res, l\u2019agrotourisme ou toute autre th\u00e9matique qui vous int\u00e9resserait .<\/div>\n<div class=\"span3 centered\">\n<span class=\"ico\"><i class=\"icon-eye-open icon-2x ibackbg\"><\/i><\/span>\n<h4>Des guides d\u2019exception pour des visites originales.<\/h4>\n<p>Nous vous proposons certaines visites dans la r\u00e9gion d&rsquo;Ath\u00e8nes pour d\u00e9couvrir de magnifiques sites peu connues et pourtant riches en histoire et en beaut\u00e9s naturelles.<\/p>\n<\/div>\n<div class=\"span3 centered\">\n<span class=\"ico\"><i class=\"icon-flag icon-2x ibackbg\"><\/i><\/span>\n<h4>Location Voiliers<\/h4>\n<p>Si votre client souhaite louer un voilier et aller voguer sur la mer Eg\u00e9e, nous pouvons vous aider \u00e0 r\u00e9aliser son projet.\u00a0<\/div>\n<\/div>\n<h4 class=\"section-title\"><span>Latest Programs<\/span><\/h4>\n    <div class=\"row-fluid\">\n\t\t<div class=\"post-row blog-row\">\n   <div id=\"postsCarousel\" class=\"carousel postCarousel slide\">\n     <!-- Carousel items -->\n    <div class=\"carousel-inner\">\n        \n        <div class=\"active item row-fluid\">\n                  <div class=\"span3 post blogitem\">\n        <div class=\"img\">\n          <img src=\"https:\/\/www.developtravel.gr\/wp-content\/uploads\/2015\/03\/\u039c\u039f\u03a5\u03a3\u0395\u0399\u039f-\u0392\u039f\u03a1\u03a1\u0395.jpg\" class=\"attachment-Blog Pic size-Blog Pic wp-post-image\" alt=\"\" decoding=\"async\" loading=\"lazy\" \/>         <div class=\"mask\">\n\t\t\t\t <div class=\"mask\"> <a class= \"wrapmask\" href=\"https:\/\/www.developtravel.gr\/fr\/fr-des-nenuphars-de-paiania\/\"><span><i class=\"icon-link maskicons\"><\/i><\/span><\/a> <\/div>\n\t\t\t<\/div>\n<\/div><div class=\"text-holder\">\n        <div class=\"text\">\n          <h4><a href=\"https:\/\/www.developtravel.gr\/fr\/fr-des-nenuphars-de-paiania\/\">\n            Des n\u00e9nuphars de Paiania            <\/a><\/h4>\n          <p>Les grecs anciens consid\u00e9raient avec raison que l&rsquo;attique \u00e9tait la plus belle r\u00e9gion de Gr\u00e8ce, [&hellip;]<\/p>\n        <\/div>\n        <\/div>\n      <\/div>                    <div class=\"span3 post blogitem\">\n        <div class=\"img\">\n          <img src=\"https:\/\/www.developtravel.gr\/wp-content\/uploads\/2015\/03\/\u03ba\u03b1\u03c4\u03ac\u03bb\u03bf\u03b3\u03bf\u03c2.jpg\" class=\"attachment-Blog Pic size-Blog Pic wp-post-image\" alt=\"\" decoding=\"async\" loading=\"lazy\" \/>         <div class=\"mask\">\n\t\t\t\t <div class=\"mask\"> <a class= \"wrapmask\" href=\"https:\/\/www.developtravel.gr\/fr\/fr-poseidon-le-temple-de-la-mer\/\"><span><i class=\"icon-link maskicons\"><\/i><\/span><\/a> <\/div>\n\t\t\t<\/div>\n<\/div><div class=\"text-holder\">\n        <div class=\"text\">\n          <h4><a href=\"https:\/\/www.developtravel.gr\/fr\/fr-poseidon-le-temple-de-la-mer\/\">\n            Pos\u00e9idon, le temple de la mer            <\/a><\/h4>\n          <p>Nous allons nous rendre \u00e0 Sounion pour visiter le temple de Pos\u00e9idon qui surplombent la [&hellip;]<\/p>\n        <\/div>\n        <\/div>\n      <\/div>                    <div class=\"span3 post blogitem\">\n        <div class=\"img\">\n          <img src=\"https:\/\/www.developtravel.gr\/wp-content\/uploads\/2015\/03\/vravona_540_360-370x250.png\" class=\"attachment-Blog Pic size-Blog Pic wp-post-image\" alt=\"\" decoding=\"async\" loading=\"lazy\" \/>         <div class=\"mask\">\n\t\t\t\t <div class=\"mask\"> <a class= \"wrapmask\" href=\"https:\/\/www.developtravel.gr\/fr\/fr-potnia-firon-ou-artemis-deesse-des-animaux\/\"><span><i class=\"icon-link maskicons\"><\/i><\/span><\/a> <\/div>\n\t\t\t<\/div>\n<\/div><div class=\"text-holder\">\n        <div class=\"text\">\n          <h4><a href=\"https:\/\/www.developtravel.gr\/fr\/fr-potnia-firon-ou-artemis-deesse-des-animaux\/\">\n            Potnia Firon\u00a0ou Artemis, d\u00e9esse des animaux            <\/a><\/h4>\n          <p>Notre visite va commencer par une promenade le long de la cote et de la [&hellip;]<\/p>\n        <\/div>\n        <\/div>\n      <\/div>                    <div class=\"span3 post blogitem\">\n        <div class=\"img\">\n          <img src=\"https:\/\/www.developtravel.gr\/wp-content\/uploads\/2015\/02\/images.jpg\" class=\"attachment-Blog Pic size-Blog Pic wp-post-image\" alt=\"\" decoding=\"async\" loading=\"lazy\" srcset=\"https:\/\/www.developtravel.gr\/wp-content\/uploads\/2015\/02\/images.jpg 259w, https:\/\/www.developtravel.gr\/wp-content\/uploads\/2015\/02\/images-70x51.jpg 70w\" sizes=\"(max-width: 259px) 100vw, 259px\" \/>         <div class=\"mask\">\n\t\t\t\t <div class=\"mask\"> <a class= \"wrapmask\" href=\"https:\/\/www.developtravel.gr\/fr\/athenian-memoirs-of-hadrian\/\"><span><i class=\"icon-link maskicons\"><\/i><\/span><\/a> <\/div>\n\t\t\t<\/div>\n<\/div><div class=\"text-holder\">\n        <div class=\"text\">\n          <h4><a href=\"https:\/\/www.developtravel.gr\/fr\/athenian-memoirs-of-hadrian\/\">\n            M\u00e9moires ath\u00e9niennes d\u2019 Hadrien            <\/a><\/h4>\n          <p>Notre promenade \u00e0 travers la ville romaine, commence devant la porte \u201cde la d\u00e9esse Ath\u00e9na\u201d, [&hellip;]<\/p>\n        <\/div>\n        <\/div>\n      <\/div><\/div><div class=\"item row-fluid\">                    <div class=\"span3 post blogitem\">\n        <div class=\"img\">\n          <img src=\"https:\/\/www.developtravel.gr\/wp-content\/uploads\/2015\/02\/i-mages.jpg\" class=\"attachment-Blog Pic size-Blog Pic wp-post-image\" alt=\"\" decoding=\"async\" loading=\"lazy\" srcset=\"https:\/\/www.developtravel.gr\/wp-content\/uploads\/2015\/02\/i-mages.jpg 259w, https:\/\/www.developtravel.gr\/wp-content\/uploads\/2015\/02\/i-mages-70x51.jpg 70w\" sizes=\"(max-width: 259px) 100vw, 259px\" \/>         <div class=\"mask\">\n\t\t\t\t <div class=\"mask\"> <a class= \"wrapmask\" href=\"https:\/\/www.developtravel.gr\/fr\/the-unknown-sanctuary-and-oracle-of-amfiaraos-oropos-attica-the-oracle-of-antiquity-4th-c\/\"><span><i class=\"icon-link maskicons\"><\/i><\/span><\/a> <\/div>\n\t\t\t<\/div>\n<\/div><div class=\"text-holder\">\n        <div class=\"text\">\n          <h4><a href=\"https:\/\/www.developtravel.gr\/fr\/the-unknown-sanctuary-and-oracle-of-amfiaraos-oropos-attica-the-oracle-of-antiquity-4th-c\/\">\n            Le Sanctuaire et Oracle inconnu d\u2019Amfiaraos \u00e0 Oropos (Attique)            <\/a><\/h4>\n          <p>L\u2019oracle de l\u2019 Antiquit\u00e9 (4\u00e8me s.,) presque ignor\u00e9 du grand public, \u00e9tait d\u00e9die au culte [&hellip;]<\/p>\n        <\/div>\n        <\/div>\n      <\/div>                    <div class=\"span3 post blogitem\">\n        <div class=\"img\">\n          <img src=\"https:\/\/www.developtravel.gr\/wp-content\/uploads\/2015\/02\/\u03ba\u03b1\u03c4\u03ac\u03bb\u03bf\u03b3\u03bf\u03c2.jpg\" class=\"attachment-Blog Pic size-Blog Pic wp-post-image\" alt=\"\" decoding=\"async\" loading=\"lazy\" srcset=\"https:\/\/www.developtravel.gr\/wp-content\/uploads\/2015\/02\/\u03ba\u03b1\u03c4\u03ac\u03bb\u03bf\u03b3\u03bf\u03c2.jpg 259w, https:\/\/www.developtravel.gr\/wp-content\/uploads\/2015\/02\/\u03ba\u03b1\u03c4\u03ac\u03bb\u03bf\u03b3\u03bf\u03c2-70x51.jpg 70w\" sizes=\"(max-width: 259px) 100vw, 259px\" \/>         <div class=\"mask\">\n\t\t\t\t <div class=\"mask\"> <a class= \"wrapmask\" href=\"https:\/\/www.developtravel.gr\/fr\/the-honey-of-hymettus\/\"><span><i class=\"icon-link maskicons\"><\/i><\/span><\/a> <\/div>\n\t\t\t<\/div>\n<\/div><div class=\"text-holder\">\n        <div class=\"text\">\n          <h4><a href=\"https:\/\/www.developtravel.gr\/fr\/the-honey-of-hymettus\/\">\n            Le miel d\u2019 Hymette            <\/a><\/h4>\n          <p>Loin de la ville et de son brouhaha, c&rsquo;est sur le Mont Hymette que nous [&hellip;]<\/p>\n        <\/div>\n        <\/div>\n      <\/div>                    <div class=\"span3 post blogitem\">\n        <div class=\"img\">\n          <img src=\"https:\/\/www.developtravel.gr\/wp-content\/uploads\/2013\/05\/apostolospavlos-370x250.jpg\" class=\"attachment-Blog Pic size-Blog Pic wp-post-image\" alt=\"\" decoding=\"async\" loading=\"lazy\" srcset=\"https:\/\/www.developtravel.gr\/wp-content\/uploads\/2013\/05\/apostolospavlos-370x250.jpg 370w, https:\/\/www.developtravel.gr\/wp-content\/uploads\/2013\/05\/apostolospavlos.jpg 1200w\" sizes=\"(max-width: 370px) 100vw, 370px\" \/>         <div class=\"mask\">\n\t\t\t\t <div class=\"mask\"> <a class= \"wrapmask\" href=\"https:\/\/www.developtravel.gr\/fr\/apostle-paul\/\"><span><i class=\"icon-link maskicons\"><\/i><\/span><\/a> <\/div>\n\t\t\t<\/div>\n<\/div><div class=\"text-holder\">\n        <div class=\"text\">\n          <h4><a href=\"https:\/\/www.developtravel.gr\/fr\/apostle-paul\/\">\n            Saint Paul            <\/a><\/h4>\n          <p>Saint Paul, le messager du christ a entrepris son p\u00e9riple dans les pays entourant la [&hellip;]<\/p>\n        <\/div>\n        <\/div>\n      <\/div>                    <div class=\"span3 post blogitem\">\n        <div class=\"img\">\n          <img src=\"https:\/\/www.developtravel.gr\/wp-content\/uploads\/2014\/01\/acropolis-night-370x250.jpg\" class=\"attachment-Blog Pic size-Blog Pic wp-post-image\" alt=\"\" decoding=\"async\" loading=\"lazy\" \/>         <div class=\"mask\">\n\t\t\t\t <div class=\"mask\"> <a class= \"wrapmask\" href=\"https:\/\/www.developtravel.gr\/fr\/athens\/\"><span><i class=\"icon-link maskicons\"><\/i><\/span><\/a> <\/div>\n\t\t\t<\/div>\n<\/div><div class=\"text-holder\">\n        <div class=\"text\">\n          <h4><a href=\"https:\/\/www.developtravel.gr\/fr\/athens\/\">\n            Ath\u00e8nes            <\/a><\/h4>\n          <p>Ath\u00e8nes : Ville des contrastes par\u00a0 excellence, Ath\u00e8nes est \u00e0 la fois le berceau d\u2019une\u00a0 [&hellip;]<\/p>\n        <\/div>\n        <\/div>\n      <\/div>                <\/div>\n      <\/div>\n            <!-- Carousel nav --> \n      <a class=\"carousel-control left\" href=\"#postsCarousel\" data-slide=\"prev\">&lsaquo;<\/a> <a class=\"carousel-control right\" href=\"#postsCarousel\" data-slide=\"next\">&rsaquo;<\/a>\n          <\/div><\/div><\/div>\n      <\/p>","protected":false},"excerpt":{"rendered":"","protected":false},"author":1,"featured_media":0,"parent":0,"menu_order":0,"comment_status":"open","ping_status":"open","template":"","meta":[],"_links":{"self":[{"href":"https:\/\/www.developtravel.gr\/fr\/wp-json\/wp\/v2\/pages\/2"}],"collection":[{"href":"https:\/\/www.developtravel.gr\/fr\/wp-json\/wp\/v2\/pages"}],"about":[{"href":"https:\/\/www.developtravel.gr\/fr\/wp-json\/wp\/v2\/types\/page"}],"author":[{"embeddable":true,"href":"https:\/\/www.developtravel.gr\/fr\/wp-json\/wp\/v2\/users\/1"}],"replies":[{"embeddable":true,"href":"https:\/\/www.developtravel.gr\/fr\/wp-json\/wp\/v2\/comments?post=2"}],"version-history":[{"count":0,"href":"https:\/\/www.developtravel.gr\/fr\/wp-json\/wp\/v2\/pages\/2\/revisions"}],"wp:attachment":[{"href":"https:\/\/www.developtravel.gr\/fr\/wp-json\/wp\/v2\/media?parent=2"}],"curies":[{"name":"wp","href":"https:\/\/api.w.org\/{rel}","templated":true}]}}